{"id":24,"date":"2023-06-12T00:45:34","date_gmt":"2023-06-12T00:45:34","guid":{"rendered":"https:\/\/campusvirtualispe.net\/boletinfilosofia\/home\/"},"modified":"2025-11-27T02:57:33","modified_gmt":"2025-11-27T02:57:33","slug":"home","status":"publish","type":"page","link":"https:\/\/campusvirtualispe.net\/boletinfilosofia\/","title":{"rendered":"Home"},"content":{"rendered":"\n\n\n<h2 style=\"color: rgb(255, 255, 255);\"><span style=\"color: rgb(255, 255, 255);\"><span style=\"color: rgb(255, 255, 255);\">BOLET\u00cdN DE FILOSOF\u00cdA Y ENSE\u00d1ANZA DE LA FILOSOF\u00cd<\/span><span style=\"color: rgb(255, 255, 255);\">A<\/span><\/span>&nbsp;<\/h2>\n\n\n\n\n\n\n\n\n<p>&nbsp;&nbsp;<\/p>\n\n\n\n\n\n<p style=\"text-align: center;\"><strong style=\"font-size: large;\"><a href=\"https:\/\/campusvirtualispe.net\/boletinfilosofia\/wp-content\/uploads\/2025\/11\/BOLETIN-N5.pdf\">LINK AL DOCUMENTO<\/a><\/strong><\/p>\n<p>&nbsp; &nbsp;<\/p>\n\n<p style=\"text-align: center;\"><strong style=\"font-size: large;\"><a href=\"https:\/\/campusvirtualispe.net\/boletinfilosofia\/wp-content\/uploads\/2025\/05\/BOLETIN-N4-2025.pdf\">LINK AL DOCUMENTO<\/a><\/strong><\/p>\n<p>&nbsp; &nbsp;<\/p>\n\n<p style=\"text-align: center;\"><strong style=\"font-size: large;\"><a href=\"https:\/\/campusvirtualispe.net\/boletinfilosofia\/wp-content\/uploads\/2024\/12\/Boletin-de-filosofia-3-2024.pdf\">LINK AL DOCUMENTO<\/a><\/strong><\/p>\n<p style=\"text-align: center;\"><strong style=\"font-size: large;\">&nbsp; &nbsp;<\/strong><\/p>\n<p>&nbsp;<\/p>\n\n<p style=\"text-align: center;\"><strong style=\"font-size: large;\"><a href=\"https:\/\/campusvirtualispe.net\/boletinfilosofia\/wp-content\/uploads\/2024\/06\/Boletin-de-filosofia-2-2024.pdf\">LINK AL DOCUMENTO<\/a><\/strong><\/p>\n<p>&nbsp; &nbsp; &nbsp;<\/p>\n<p>&nbsp; &nbsp; &nbsp;&nbsp;<\/p>\n\n<p style=\"text-align: center;\"><strong style=\"font-size: large;\"><a href=\"https:\/\/campusvirtualispe.net\/boletinfilosofia\/wp-content\/uploads\/2024\/06\/Boletin-de-filosofia-2-2024.pdf\">LINK AL DOCUMENTO<\/a><\/strong><\/p>\n\n\n\n\n\n\n\n\n\n\n\n\n","protected":false},"excerpt":{"rendered":"","protected":false},"author":0,"featured_media":0,"parent":0,"menu_order":0,"comment_status":"closed","ping_status":"closed","template":"","meta":{"pagelayer_contact_templates":[],"_pagelayer_content":"","footnotes":""},"_links":{"self":[{"href":"https:\/\/campusvirtualispe.net\/boletinfilosofia\/wp-json\/wp\/v2\/pages\/24"}],"collection":[{"href":"https:\/\/campusvirtualispe.net\/boletinfilosofia\/wp-json\/wp\/v2\/pages"}],"about":[{"href":"https:\/\/campusvirtualispe.net\/boletinfilosofia\/wp-json\/wp\/v2\/types\/page"}],"replies":[{"embeddable":true,"href":"https:\/\/campusvirtualispe.net\/boletinfilosofia\/wp-json\/wp\/v2\/comments?post=24"}],"version-history":[{"count":21,"href":"https:\/\/campusvirtualispe.net\/boletinfilosofia\/wp-json\/wp\/v2\/pages\/24\/revisions"}],"predecessor-version":[{"id":95,"href":"https:\/\/campusvirtualispe.net\/boletinfilosofia\/wp-json\/wp\/v2\/pages\/24\/revisions\/95"}],"wp:attachment":[{"href":"https:\/\/campusvirtualispe.net\/boletinfilosofia\/wp-json\/wp\/v2\/media?parent=24"}],"curies":[{"name":"wp","href":"https:\/\/api.w.org\/{rel}","templated":true}]}}